{"id":3448,"date":"2023-03-09T21:40:21","date_gmt":"2023-03-09T21:40:21","guid":{"rendered":"https:\/\/desfigura.com\/?post_type=product&#038;p=3448"},"modified":"2023-11-10T21:47:24","modified_gmt":"2023-11-10T21:47:24","slug":"glazed-ceramic-rooster","status":"publish","type":"product","link":"https:\/\/desfigura.com\/pt\/shop\/glazed-ceramic-rooster","title":{"rendered":"Galo de Cer\u00e2mica Vidrado"},"content":{"rendered":"","protected":false},"excerpt":{"rendered":"<p>D\u00ea um toque de cultura portuguesa \u00e0 sua casa com esta bonita estatueta de galo em cer\u00e2mica vidrada, feita \u00e0 m\u00e3o, tradicionalmente associada a virtudes positivas e s\u00edmbolo de boa sorte e prote\u00e7\u00e3o.<\/p>\n<p>Fabricado por artes\u00e3os especializados e com um design pormenorizado e cores vibrantes, este galo confere eleg\u00e2ncia a qualquer espa\u00e7o.<\/p>","protected":false},"featured_media":3452,"template":"","meta":{"content-type":"","om_disable_all_campaigns":false,"_monsterinsights_skip_tracking":false,"_monsterinsights_sitenote_active":false,"_monsterinsights_sitenote_note":"","_monsterinsights_sitenote_category":0,"jetpack_publicize_message":"Glazed Ceramic Rooster Figurine","jetpack_publicize_feature_enabled":true,"jetpack_social_post_already_shared":true,"jetpack_social_options":{"image_generator_settings":{"template":"highway","default_image_id":0,"font":"","enabled":false},"version":2}},"product_brand":[],"product_cat":[94,136],"product_tag":[319,156,207,214,210,183,211,184,209,212,213,208,164],"class_list":{"0":"post-3448","1":"product","2":"type-product","3":"status-publish","4":"has-post-thumbnail","6":"product_cat-art-and-home-decor","7":"product_cat-ceramic-art","8":"product_tag-chicken","9":"product_tag-decorative","10":"product_tag-glazed-ceramic","11":"product_tag-good-luck","12":"product_tag-good-luck-charm","13":"product_tag-home-decor","14":"product_tag-housewarming-gift","15":"product_tag-office-decor","16":"product_tag-portuguese-national-symbol","17":"product_tag-positive-vibes","18":"product_tag-protection","19":"product_tag-rooster-figurine","20":"product_tag-traditional","21":"product_shipping_class-small","22":"pa_color-blue","23":"pa_color-dark-blue","24":"pa_color-golden","25":"pa_color-light-green","26":"pa_color-teal","27":"pa_color-violet","28":"pa_color-yellow","30":"first","31":"instock","32":"taxable","33":"shipping-taxable","34":"purchasable","35":"product-type-variable"},"aioseo_notices":[],"jetpack_publicize_connections":[],"_links":{"self":[{"href":"https:\/\/desfigura.com\/pt\/wp-json\/wp\/v2\/product\/3448","targetHints":{"allow":["GET"]}}],"collection":[{"href":"https:\/\/desfigura.com\/pt\/wp-json\/wp\/v2\/product"}],"about":[{"href":"https:\/\/desfigura.com\/pt\/wp-json\/wp\/v2\/types\/product"}],"version-history":[{"count":2,"href":"https:\/\/desfigura.com\/pt\/wp-json\/wp\/v2\/product\/3448\/revisions"}],"predecessor-version":[{"id":3451,"href":"https:\/\/desfigura.com\/pt\/wp-json\/wp\/v2\/product\/3448\/revisions\/3451"}],"wp:featuredmedia":[{"embeddable":true,"href":"https:\/\/desfigura.com\/pt\/wp-json\/wp\/v2\/media\/3452"}],"wp:attachment":[{"href":"https:\/\/desfigura.com\/pt\/wp-json\/wp\/v2\/media?parent=3448"}],"wp:term":[{"taxonomy":"product_brand","embeddable":true,"href":"https:\/\/desfigura.com\/pt\/wp-json\/wp\/v2\/product_brand?post=3448"},{"taxonomy":"product_cat","embeddable":true,"href":"https:\/\/desfigura.com\/pt\/wp-json\/wp\/v2\/product_cat?post=3448"},{"taxonomy":"product_tag","embeddable":true,"href":"https:\/\/desfigura.com\/pt\/wp-json\/wp\/v2\/product_tag?post=3448"}],"curies":[{"name":"wp","href":"https:\/\/api.w.org\/{rel}","templated":true}]}}