{"id":3437,"date":"2023-03-06T21:32:59","date_gmt":"2023-03-06T21:32:59","guid":{"rendered":"https:\/\/desfigura.com\/?post_type=product&#038;p=3437"},"modified":"2025-09-20T11:32:09","modified_gmt":"2025-09-20T11:32:09","slug":"wooden-spinning-top","status":"publish","type":"product","link":"https:\/\/desfigura.com\/pt\/shop\/wooden-spinning-top","title":{"rendered":"pi\u00e3o de madeira"},"content":{"rendered":"","protected":false},"excerpt":{"rendered":"<p>Adicione um toque de nostalgia \u00e0 sua cole\u00e7\u00e3o de brinquedos com este pi\u00e3o de madeira feito \u00e0 m\u00e3o.<br \/>\nFeito com t\u00e9cnicas tradicionais, este pi\u00e3o vai trazer horas de divers\u00e3o e entretenimento para todas as idades.<\/p>\n<p>O pi\u00e3o \u00e9 feito de madeira de alta qualidade e tem um acabamento elegante e liso.<\/p>\n<p>Este \u00e9 o presente perfeito para colecionadores, crian\u00e7as e qualquer pessoa que adora um brinquedo cl\u00e1ssico.<\/p>","protected":false},"featured_media":3441,"template":"","meta":{"content-type":"","om_disable_all_campaigns":false,"_monsterinsights_skip_tracking":false,"_monsterinsights_sitenote_active":false,"_monsterinsights_sitenote_note":"","_monsterinsights_sitenote_category":0,"jetpack_publicize_message":"Wooden Spinning Top","jetpack_publicize_feature_enabled":true,"jetpack_social_post_already_shared":true,"jetpack_social_options":{"image_generator_settings":{"template":"highway","default_image_id":0,"font":"","enabled":false},"version":2}},"product_brand":[],"product_cat":[20,126],"product_tag":[153,145,197,206,205,165,201,202,203,196,198,204,200,199,195],"class_list":{"0":"post-3437","1":"product","2":"type-product","3":"status-publish","4":"has-post-thumbnail","6":"product_cat-toys-and-dolls","7":"product_cat-toys","8":"product_tag-childrens-toy","9":"product_tag-classic-game","10":"product_tag-classic-toys","11":"product_tag-gifts-for-her","12":"product_tag-gifts-for-him","13":"product_tag-kids","14":"product_tag-kids-gifts","15":"product_tag-portuguese-gifts","16":"product_tag-retro-toy","17":"product_tag-spinning-top","18":"product_tag-toddler-toys","19":"product_tag-traditional-toy","20":"product_tag-trompo-spinning-top","21":"product_tag-wooden-top","22":"product_tag-wooden-toy","23":"product_shipping_class-medium","25":"first","26":"instock","27":"featured","28":"taxable","29":"shipping-taxable","30":"purchasable","31":"product-type-simple"},"aioseo_notices":[],"jetpack_publicize_connections":[],"_links":{"self":[{"href":"https:\/\/desfigura.com\/pt\/wp-json\/wp\/v2\/product\/3437","targetHints":{"allow":["GET"]}}],"collection":[{"href":"https:\/\/desfigura.com\/pt\/wp-json\/wp\/v2\/product"}],"about":[{"href":"https:\/\/desfigura.com\/pt\/wp-json\/wp\/v2\/types\/product"}],"version-history":[{"count":2,"href":"https:\/\/desfigura.com\/pt\/wp-json\/wp\/v2\/product\/3437\/revisions"}],"predecessor-version":[{"id":3439,"href":"https:\/\/desfigura.com\/pt\/wp-json\/wp\/v2\/product\/3437\/revisions\/3439"}],"wp:featuredmedia":[{"embeddable":true,"href":"https:\/\/desfigura.com\/pt\/wp-json\/wp\/v2\/media\/3441"}],"wp:attachment":[{"href":"https:\/\/desfigura.com\/pt\/wp-json\/wp\/v2\/media?parent=3437"}],"wp:term":[{"taxonomy":"product_brand","embeddable":true,"href":"https:\/\/desfigura.com\/pt\/wp-json\/wp\/v2\/product_brand?post=3437"},{"taxonomy":"product_cat","embeddable":true,"href":"https:\/\/desfigura.com\/pt\/wp-json\/wp\/v2\/product_cat?post=3437"},{"taxonomy":"product_tag","embeddable":true,"href":"https:\/\/desfigura.com\/pt\/wp-json\/wp\/v2\/product_tag?post=3437"}],"curies":[{"name":"wp","href":"https:\/\/api.w.org\/{rel}","templated":true}]}}