{"id":1661,"date":"2022-11-09T21:57:14","date_gmt":"2022-11-09T21:57:14","guid":{"rendered":"https:\/\/desfigura.com\/?post_type=product&#038;p=1661"},"modified":"2023-11-10T21:47:26","modified_gmt":"2023-11-10T21:47:26","slug":"kendama-game","status":"publish","type":"product","link":"https:\/\/desfigura.com\/pt\/shop\/toys-and-dolls\/kendama-game","title":{"rendered":"Ta\u00e7a e Bola \u2013 Jogo Kendama de Madeira"},"content":{"rendered":"<div data-elementor-type=\"product-post\" data-elementor-id=\"1661\" class=\"elementor elementor-1661\" data-elementor-post-type=\"product\">\n\t\t\t\t<div class=\"elementor-element elementor-element-79aabf6 e-flex e-con-boxed e-con e-parent\" data-id=\"79aabf6\" data-element_type=\"container\" data-e-type=\"container\" data-settings=\"{&quot;_ob_use_container_extras&quot;:&quot;no&quot;,&quot;_ob_column_hoveranimator&quot;:&quot;no&quot;,&quot;_ob_glider_is_slider&quot;:&quot;no&quot;,&quot;_ob_column_has_pseudo&quot;:&quot;no&quot;}\">\n\t\t\t\t\t<div class=\"e-con-inner\">\n\t\t<div class=\"elementor-element elementor-element-7ac8d2d e-con-full e-flex e-con e-parent\" data-id=\"7ac8d2d\" data-element_type=\"container\" data-e-type=\"container\" data-settings=\"{&quot;_ob_use_container_extras&quot;:&quot;no&quot;,&quot;_ob_column_hoveranimator&quot;:&quot;no&quot;,&quot;_ob_glider_is_slider&quot;:&quot;no&quot;,&quot;_ob_column_has_pseudo&quot;:&quot;no&quot;}\">\n\t\t\t\t<div class=\"elementor-element elementor-element-274c560 ob-harakiri-inherit ob-has-background-overlay elementor-widget elementor-widget-text-editor\" data-id=\"274c560\" data-element_type=\"widget\" data-e-type=\"widget\" data-settings=\"{&quot;_ob_use_harakiri&quot;:&quot;yes&quot;,&quot;_ob_harakiri_writing_mode&quot;:&quot;inherit&quot;,&quot;_ob_postman_use&quot;:&quot;no&quot;,&quot;_ob_widget_stalker_use&quot;:&quot;no&quot;,&quot;_ob_poopart_use&quot;:&quot;yes&quot;,&quot;_ob_shadough_use&quot;:&quot;no&quot;,&quot;_ob_allow_hoveranimator&quot;:&quot;no&quot;}\" data-widget_type=\"text-editor.default\">\n\t\t\t\t<div class=\"elementor-widget-container\">\n\t\t\t\t\t\t\t\t\t<p><strong>JOGO CL\u00c1SSICO DE COPO E BOLA EM MADEIRA.<\/strong><\/p><p>N\u00e3o h\u00e1 regras espec\u00edficas sobre como jogar, e os jogadores podem ser criativos e definir suas pr\u00f3prias regras.<\/p><p>O conceito b\u00e1sico do jogo \u00e9 equilibrar a bola no copo.<br \/>Isso \u00e9 \u00f3timo para aprimorar habilidades e para crian\u00e7as e adultos!<\/p><p>Um divertido jogo de habilidade para as noites de jogos em fam\u00edlia e amigos!<\/p>\t\t\t\t\t\t\t\t<\/div>\n\t\t\t\t<\/div>\n\t\t\t\t<\/div>\n\t\t\t\t\t<\/div>\n\t\t\t\t<\/div>\n\t\t<div class=\"elementor-element elementor-element-2887a43 e-flex e-con-boxed e-con e-parent\" data-id=\"2887a43\" data-element_type=\"container\" data-e-type=\"container\" data-settings=\"{&quot;_ob_use_container_extras&quot;:&quot;no&quot;,&quot;_ob_column_hoveranimator&quot;:&quot;no&quot;,&quot;_ob_glider_is_slider&quot;:&quot;no&quot;,&quot;_ob_column_has_pseudo&quot;:&quot;no&quot;}\">\n\t\t\t\t\t<div class=\"e-con-inner\">\n\t\t\t\t<div class=\"elementor-element elementor-element-6c73dd3 ob-has-background-overlay elementor-widget elementor-widget-accordion\" data-id=\"6c73dd3\" data-element_type=\"widget\" data-e-type=\"widget\" data-settings=\"{&quot;_ob_widget_stalker_use&quot;:&quot;no&quot;,&quot;_ob_poopart_use&quot;:&quot;yes&quot;,&quot;_ob_shadough_use&quot;:&quot;no&quot;,&quot;_ob_allow_hoveranimator&quot;:&quot;no&quot;}\" data-widget_type=\"accordion.default\">\n\t\t\t\t<div class=\"elementor-widget-container\">\n\t\t\t\t\t\t\t<div class=\"elementor-accordion\">\n\t\t\t\t\t\t\t<div class=\"elementor-accordion-item\">\n\t\t\t\t\t<div id=\"elementor-tab-title-1131\" class=\"elementor-tab-title\" data-tab=\"1\" role=\"button\" aria-controls=\"elementor-tab-content-1131\" aria-expanded=\"false\">\n\t\t\t\t\t\t\t\t\t\t\t\t\t<span class=\"elementor-accordion-icon elementor-accordion-icon-left\" aria-hidden=\"true\">\n\t\t\t\t\t\t\t\t\t\t\t\t\t\t\t<span class=\"elementor-accordion-icon-closed\"><i class=\"fas fa-plus\"><\/i><\/span>\n\t\t\t\t\t\t\t\t<span class=\"elementor-accordion-icon-opened\"><i class=\"fas fa-minus\"><\/i><\/span>\n\t\t\t\t\t\t\t\t\t\t\t\t\t\t<\/span>\n\t\t\t\t\t\t\t\t\t\t\t\t<a class=\"elementor-accordion-title\" tabindex=\"0\">INFORMA\u00c7\u00c3O DE ENVIO<\/a>\n\t\t\t\t\t<\/div>\n\t\t\t\t\t<div id=\"elementor-tab-content-1131\" class=\"elementor-tab-content elementor-clearfix\" data-tab=\"1\" role=\"region\" aria-labelledby=\"elementor-tab-title-1131\"><ul><li>Envio r\u00e1pido (sob demanda);<\/li><li>Int&#039;l Padr\u00e3o V\u00e1rios;<\/li><\/ul><\/div>\n\t\t\t\t<\/div>\n\t\t\t\t\t\t\t\t<\/div>\n\t\t\t\t\t\t<\/div>\n\t\t\t\t<\/div>\n\t\t\t\t\t<\/div>\n\t\t\t\t<\/div>\n\t\t\t\t<\/div>","protected":false},"excerpt":{"rendered":"<p>Desfrute de um jogo cl\u00e1ssico de habilidade e destreza com nosso copo artesanal e bola de madeira Kendama.<br \/>\nEste jogo atemporal \u00e9 feito com madeira natural e \u00e9 o complemento perfeito para qualquer cole\u00e7\u00e3o de brinquedos.<\/p>\n<p>Esta \u00e9 uma variante do <strong>Kendama\u00a0<\/strong>brinquedo de habilidade tradicional japonesa.<br \/>\nN\u00e3o h\u00e1 regras espec\u00edficas sobre como jog\u00e1-lo, ent\u00e3o os jogadores podem ser criativos e definir suas pr\u00f3prias regras.<\/p>","protected":false},"featured_media":3421,"template":"","meta":{"content-type":"","om_disable_all_campaigns":false,"_monsterinsights_skip_tracking":false,"_monsterinsights_sitenote_active":false,"_monsterinsights_sitenote_note":"","_monsterinsights_sitenote_category":0,"jetpack_publicize_message":"","jetpack_publicize_feature_enabled":true,"jetpack_social_post_already_shared":false,"jetpack_social_options":{"image_generator_settings":{"template":"highway","default_image_id":0,"font":"","enabled":false},"version":2}},"product_brand":[],"product_cat":[20,126],"product_tag":[153,145,148,146,147,144],"class_list":{"0":"post-1661","1":"product","2":"type-product","3":"status-publish","4":"has-post-thumbnail","6":"product_cat-toys-and-dolls","7":"product_cat-toys","8":"product_tag-childrens-toy","9":"product_tag-classic-game","10":"product_tag-cup-and-ball","11":"product_tag-handmade","12":"product_tag-natural-wood","13":"product_tag-wooden-kendama","14":"product_shipping_class-medium","15":"pa_color-blue","16":"pa_color-dark-green","17":"pa_color-light-green","18":"pa_color-lilac","19":"pa_color-orange","20":"pa_color-pink","21":"pa_color-yellow","23":"first","24":"instock","25":"taxable","26":"shipping-taxable","27":"purchasable","28":"product-type-variable"},"aioseo_notices":[],"jetpack_publicize_connections":[],"_links":{"self":[{"href":"https:\/\/desfigura.com\/pt\/wp-json\/wp\/v2\/product\/1661","targetHints":{"allow":["GET"]}}],"collection":[{"href":"https:\/\/desfigura.com\/pt\/wp-json\/wp\/v2\/product"}],"about":[{"href":"https:\/\/desfigura.com\/pt\/wp-json\/wp\/v2\/types\/product"}],"version-history":[{"count":5,"href":"https:\/\/desfigura.com\/pt\/wp-json\/wp\/v2\/product\/1661\/revisions"}],"predecessor-version":[{"id":2597,"href":"https:\/\/desfigura.com\/pt\/wp-json\/wp\/v2\/product\/1661\/revisions\/2597"}],"wp:featuredmedia":[{"embeddable":true,"href":"https:\/\/desfigura.com\/pt\/wp-json\/wp\/v2\/media\/3421"}],"wp:attachment":[{"href":"https:\/\/desfigura.com\/pt\/wp-json\/wp\/v2\/media?parent=1661"}],"wp:term":[{"taxonomy":"product_brand","embeddable":true,"href":"https:\/\/desfigura.com\/pt\/wp-json\/wp\/v2\/product_brand?post=1661"},{"taxonomy":"product_cat","embeddable":true,"href":"https:\/\/desfigura.com\/pt\/wp-json\/wp\/v2\/product_cat?post=1661"},{"taxonomy":"product_tag","embeddable":true,"href":"https:\/\/desfigura.com\/pt\/wp-json\/wp\/v2\/product_tag?post=1661"}],"curies":[{"name":"wp","href":"https:\/\/api.w.org\/{rel}","templated":true}]}}