{"id":11,"date":"2017-04-13T15:23:35","date_gmt":"2017-04-13T15:23:35","guid":{"rendered":"http:\/\/ourbuzzsphere.com\/desfigura-land\/?post_type=product&#038;p=11"},"modified":"2023-08-07T14:57:54","modified_gmt":"2023-08-07T14:57:54","slug":"wooden-treasure-box","status":"publish","type":"product","link":"https:\/\/desfigura.com\/pt\/shop\/uncategorized\/wooden-treasure-box","title":{"rendered":"Caixa de tesouro de madeira"},"content":{"rendered":"<p>Cada uma das minhas caixas de madeira foi pintada \u00e0 m\u00e3o por mim com tinta acr\u00edlica e envernizada para maior durabilidade. Cada um com sua pr\u00f3pria ilustra\u00e7\u00e3o \u00fanica \u00e9 uma obra de arte \u00fanica. Esta \u00e9 a caixa perfeita para guardar seus tesouros.<\/p>\n<p>Dimens\u00f5es (aprox.)<br \/>\n\u2013 14 x 9 x 6 (cm)<br \/>\n\u2013 5,5&quot; x 3,5&quot; x 2,4&quot;<\/p>\n<p>(Int&#039;l Padr\u00e3o V\u00e1rios)<\/p>","protected":false},"excerpt":{"rendered":"<p>Caixa de madeira pintada \u00e0 m\u00e3o e ilustrada<\/p>","protected":false},"featured_media":12,"template":"","meta":{"content-type":"","om_disable_all_campaigns":false,"_monsterinsights_skip_tracking":false,"_monsterinsights_sitenote_active":false,"_monsterinsights_sitenote_note":"","_monsterinsights_sitenote_category":0,"jetpack_publicize_message":"","jetpack_publicize_feature_enabled":true,"jetpack_social_post_already_shared":true,"jetpack_social_options":{"image_generator_settings":{"template":"highway","default_image_id":0,"font":"","enabled":false},"version":2}},"product_brand":[],"product_cat":[94,137],"product_tag":[17,156,19,155,157,18],"class_list":{"0":"post-11","1":"product","2":"type-product","3":"status-publish","4":"has-post-thumbnail","6":"product_cat-art-and-home-decor","7":"product_cat-illustrated-boxes","8":"product_tag-box","9":"product_tag-decorative","10":"product_tag-illustrated-box","11":"product_tag-treasure-box","12":"product_tag-unique-illustration","13":"product_tag-wood-box","14":"product_shipping_class-medium","16":"first","17":"outofstock","18":"taxable","19":"shipping-taxable","20":"purchasable","21":"product-type-simple"},"aioseo_notices":[],"jetpack_publicize_connections":[],"_links":{"self":[{"href":"https:\/\/desfigura.com\/pt\/wp-json\/wp\/v2\/product\/11","targetHints":{"allow":["GET"]}}],"collection":[{"href":"https:\/\/desfigura.com\/pt\/wp-json\/wp\/v2\/product"}],"about":[{"href":"https:\/\/desfigura.com\/pt\/wp-json\/wp\/v2\/types\/product"}],"version-history":[{"count":2,"href":"https:\/\/desfigura.com\/pt\/wp-json\/wp\/v2\/product\/11\/revisions"}],"predecessor-version":[{"id":1543,"href":"https:\/\/desfigura.com\/pt\/wp-json\/wp\/v2\/product\/11\/revisions\/1543"}],"wp:featuredmedia":[{"embeddable":true,"href":"https:\/\/desfigura.com\/pt\/wp-json\/wp\/v2\/media\/12"}],"wp:attachment":[{"href":"https:\/\/desfigura.com\/pt\/wp-json\/wp\/v2\/media?parent=11"}],"wp:term":[{"taxonomy":"product_brand","embeddable":true,"href":"https:\/\/desfigura.com\/pt\/wp-json\/wp\/v2\/product_brand?post=11"},{"taxonomy":"product_cat","embeddable":true,"href":"https:\/\/desfigura.com\/pt\/wp-json\/wp\/v2\/product_cat?post=11"},{"taxonomy":"product_tag","embeddable":true,"href":"https:\/\/desfigura.com\/pt\/wp-json\/wp\/v2\/product_tag?post=11"}],"curies":[{"name":"wp","href":"https:\/\/api.w.org\/{rel}","templated":true}]}}